{"id":1441,"date":"2020-05-26T14:20:46","date_gmt":"2020-05-26T12:20:46","guid":{"rendered":"https:\/\/www.topconsult.it\/?page_id=1441"},"modified":"2026-03-16T16:22:17","modified_gmt":"2026-03-16T15:22:17","slug":"assistenza-tecnica","status":"publish","type":"page","link":"https:\/\/www.topconsult.it\/it\/assistenza-tecnica","title":{"rendered":"Assistenza tecnica"},"content":{"rendered":"\t\t<div data-elementor-type=\"wp-page\" data-elementor-id=\"1441\" class=\"elementor elementor-1441\" data-elementor-post-type=\"page\">\n\t\t\t\t<div class=\"elementor-element elementor-element-ca69e36 testata-bassa e-flex e-con-boxed e-con e-parent\" data-id=\"ca69e36\" data-element_type=\"container\" data-e-type=\"container\" data-settings=\"{&quot;background_background&quot;:&quot;classic&quot;,&quot;shape_divider_bottom&quot;:&quot;waves&quot;}\">\n\t\t\t\t\t<div class=\"e-con-inner\">\n\t\t\t\t<div class=\"elementor-shape elementor-shape-bottom\" aria-hidden=\"true\" data-negative=\"false\">\n\t\t\t<svg xmlns=\"http:\/\/www.w3.org\/2000\/svg\" viewBox=\"0 0 1000 100\" preserveAspectRatio=\"none\">\n\t<path class=\"elementor-shape-fill\" d=\"M421.9,6.5c22.6-2.5,51.5,0.4,75.5,5.3c23.6,4.9,70.9,23.5,100.5,35.7c75.8,32.2,133.7,44.5,192.6,49.7\n\tc23.6,2.1,48.7,3.5,103.4-2.5c54.7-6,106.2-25.6,106.2-25.6V0H0v30.3c0,0,72,32.6,158.4,30.5c39.2-0.7,92.8-6.7,134-22.4\n\tc21.2-8.1,52.2-18.2,79.7-24.2C399.3,7.9,411.6,7.5,421.9,6.5z\"\/>\n<\/svg>\t\t<\/div>\n\t\t<div class=\"elementor-element elementor-element-e83c6c9 e-con-full e-flex e-con e-child\" data-id=\"e83c6c9\" data-element_type=\"container\" data-e-type=\"container\">\n\t\t\t\t<div class=\"elementor-element elementor-element-dd248dc elementor-widget__width-initial elementor-widget-tablet__width-initial elementor-widget elementor-widget-heading\" data-id=\"dd248dc\" data-element_type=\"widget\" data-e-type=\"widget\" data-widget_type=\"heading.default\">\n\t\t\t\t<div class=\"elementor-widget-container\">\n\t\t\t\t\t<h1 class=\"elementor-heading-title elementor-size-default\">Assistenza tecnica<\/h1>\t\t\t\t<\/div>\n\t\t\t\t<\/div>\n\t\t\t\t<div class=\"elementor-element elementor-element-03d3a9b elementor-widget__width-initial elementor-widget elementor-widget-heading\" data-id=\"03d3a9b\" data-element_type=\"widget\" data-e-type=\"widget\" data-widget_type=\"heading.default\">\n\t\t\t\t<div class=\"elementor-widget-container\">\n\t\t\t\t\t<h2 class=\"elementor-heading-title elementor-size-default\">Professionalit\u00e0 e affidabilit\u00e0 al tuo servizio<\/h2>\t\t\t\t<\/div>\n\t\t\t\t<\/div>\n\t\t\t\t<\/div>\n\t\t\t\t\t<\/div>\n\t\t\t\t<\/div>\n\t\t<div class=\"elementor-element elementor-element-7da9ed0 principale e-flex e-con-boxed e-con e-parent\" data-id=\"7da9ed0\" data-element_type=\"container\" data-e-type=\"container\">\n\t\t\t\t\t<div class=\"e-con-inner\">\n\t\t<div class=\"elementor-element elementor-element-0d0dd01 e-con-full e-flex e-con e-child\" data-id=\"0d0dd01\" data-element_type=\"container\" data-e-type=\"container\">\n\t\t\t\t<div class=\"elementor-element elementor-element-0323759 elementor-widget__width-initial elementor-widget elementor-widget-heading\" data-id=\"0323759\" data-element_type=\"widget\" data-e-type=\"widget\" data-widget_type=\"heading.default\">\n\t\t\t\t<div class=\"elementor-widget-container\">\n\t\t\t\t\t<h2 class=\"elementor-heading-title elementor-size-default\">Servizio di supporto<\/h2>\t\t\t\t<\/div>\n\t\t\t\t<\/div>\n\t\t\t\t<div class=\"elementor-element elementor-element-7cef7e7 elementor-widget__width-initial elementor-widget elementor-widget-heading\" data-id=\"7cef7e7\" data-element_type=\"widget\" data-e-type=\"widget\" data-widget_type=\"heading.default\">\n\t\t\t\t<div class=\"elementor-widget-container\">\n\t\t\t\t\t<h3 class=\"elementor-heading-title elementor-size-default\">Assistenza remota<\/h3>\t\t\t\t<\/div>\n\t\t\t\t<\/div>\n\t\t\t\t<div class=\"elementor-element elementor-element-c0fa879 elementor-widget elementor-widget-text-editor\" data-id=\"c0fa879\" data-element_type=\"widget\" data-e-type=\"widget\" data-widget_type=\"text-editor.default\">\n\t\t\t\t<div class=\"elementor-widget-container\">\n\t\t\t\t\t\t\t\t\t<p style=\"text-align: center;\"><strong>Il servizio di supporto \u00e8 attivo <\/strong>dal luned\u00ec al venerd\u00ec dalle 8.30 alle 13.00 e dalle 14.00 alle 17.30.<\/p>\t\t\t\t\t\t\t\t<\/div>\n\t\t\t\t<\/div>\n\t\t\t\t<div class=\"elementor-element elementor-element-27c258c elementor-widget elementor-widget-text-editor\" data-id=\"27c258c\" data-element_type=\"widget\" data-e-type=\"widget\" data-widget_type=\"text-editor.default\">\n\t\t\t\t<div class=\"elementor-widget-container\">\n\t\t\t\t\t\t\t\t\t<p style=\"text-align: center;\"><strong>\ud83d\udc49 <a href=\"https:\/\/topconsult-jira.atlassian.net\/servicedesk\/customer\/portals\">Clicca qui per contattare il team di supporto Top Consult<\/a><\/strong><\/p>\t\t\t\t\t\t\t\t<\/div>\n\t\t\t\t<\/div>\n\t\t\t\t<div class=\"elementor-element elementor-element-46b71c4 elementor-widget elementor-widget-image\" data-id=\"46b71c4\" data-element_type=\"widget\" data-e-type=\"widget\" data-widget_type=\"image.default\">\n\t\t\t\t<div class=\"elementor-widget-container\">\n\t\t\t\t\t\t\t\t\t\t\t\t\t\t\t\t<a href=\"https:\/\/get.teamviewer.com\/topconsult\" aria-label=\"Scarica TeamViewer\">\n\t\t\t\t\t\t\t<img decoding=\"async\" width=\"234\" height=\"60\" src=\"https:\/\/www.topconsult.it\/wp-content\/uploads\/2022\/11\/download_teamviewer.png\" class=\"attachment-large size-large wp-image-3803\" alt=\"\" \/>\t\t\t\t\t\t\t\t<\/a>\n\t\t\t\t\t\t\t\t\t\t\t\t\t\t\t<\/div>\n\t\t\t\t<\/div>\n\t\t\t\t<div class=\"elementor-element elementor-element-a5068f4 elementor-widget elementor-widget-text-editor\" data-id=\"a5068f4\" data-element_type=\"widget\" data-e-type=\"widget\" data-widget_type=\"text-editor.default\">\n\t\t\t\t<div class=\"elementor-widget-container\">\n\t\t\t\t\t\t\t\t\t<p>L\u2019assistenza tecnica di <strong>Top Consult<\/strong> rappresenta un valore fondamentale per garantire il corretto funzionamento e l\u2019efficacia delle soluzioni di gestione documentale adottate. Il nostro team di esperti, altamente qualificati, \u00e8 sempre pronto a supportare i clienti con interventi tempestivi e mirati, per risolvere qualsiasi problematica o ottimizzare le performance del sistema.<\/p><p>Ogni tecnico di Top Consult possiede una solida preparazione, combinata con una conoscenza approfondita delle piattaforme che gestiamo, assicurando diagnosi rapide e precise. Grazie alla nostra esperienza, siamo in grado di gestire ogni tipo di esigenza, dalla risoluzione di problematiche tecniche a interventi di manutenzione preventiva, garantendo una gestione ottimale e senza interruzioni del flusso documentale.<\/p><p>La nostra <strong>assistenza tecnica<\/strong> non si limita a risolvere i problemi, ma offre anche consulenza proattiva, aiutando i clienti a sfruttare al meglio le potenzialit\u00e0 delle soluzioni implementate. La nostra priorit\u00e0 \u00e8 sempre quella di offrire un servizio affidabile, pronto a soddisfare le necessit\u00e0 delle aziende con un approccio orientato alla qualit\u00e0 e al supporto costante. Inoltre, il nostro team \u00e8 sempre disponibile per rispondere a richieste urgenti, garantendo interventi rapidi per ridurre al minimo eventuali disagi.<\/p><p>Affidarsi all\u2019assistenza tecnica di Top Consult significa scegliere un partner che investe costantemente nella formazione del suo team e nell\u2019aggiornamento delle sue soluzioni, per garantire sempre un supporto di alta qualit\u00e0, una <a href=\"https:\/\/www.topconsult.it\/it\/sistema-gestione-documentale\">gestione documentale<\/a> senza intoppi e un&#8217;esperienza utente ottimale.<\/p>\t\t\t\t\t\t\t\t<\/div>\n\t\t\t\t<\/div>\n\t\t\t\t<div class=\"elementor-element elementor-element-91ae0f9 elementor-widget elementor-widget-image\" data-id=\"91ae0f9\" data-element_type=\"widget\" data-e-type=\"widget\" data-widget_type=\"image.default\">\n\t\t\t\t<div class=\"elementor-widget-container\">\n\t\t\t\t\t\t\t\t\t\t\t\t\t\t\t<img decoding=\"async\" width=\"150\" height=\"150\" src=\"https:\/\/www.topconsult.it\/wp-content\/uploads\/2022\/11\/icon-support-150x150.png\" class=\"attachment-thumbnail size-thumbnail wp-image-1417\" alt=\"Assistenza tecnica Top Consult\" srcset=\"https:\/\/www.topconsult.it\/wp-content\/uploads\/2022\/11\/icon-support-150x150.png 150w, https:\/\/www.topconsult.it\/wp-content\/uploads\/2022\/11\/icon-support-300x300.png 300w, https:\/\/www.topconsult.it\/wp-content\/uploads\/2022\/11\/icon-support-120x120.png 120w, https:\/\/www.topconsult.it\/wp-content\/uploads\/2022\/11\/icon-support.png 400w\" sizes=\"(max-width: 150px) 100vw, 150px\" \/>\t\t\t\t\t\t\t\t\t\t\t\t\t\t\t<\/div>\n\t\t\t\t<\/div>\n\t\t\t\t<\/div>\n\t\t\t\t\t<\/div>\n\t\t\t\t<\/div>\n\t\t\t\t<\/div>\n\t\t","protected":false},"excerpt":{"rendered":"<p>Assistenza tecnica Professionalit\u00e0 e affidabilit\u00e0 al tuo servizio Servizio di supporto Assistenza remota Il servizio di supporto \u00e8 attivo dal luned\u00ec al venerd\u00ec dalle 8.30 alle 13.00 e dalle 14.00 alle 17.30. \ud83d\udc49 Clicca qui per contattare il team di supporto Top Consult L\u2019assistenza tecnica di Top Consult rappresenta un valore fondamentale per garantire il&hellip;&nbsp;<a href=\"https:\/\/www.topconsult.it\/it\/assistenza-tecnica\" rel=\"bookmark\">Leggi tutto &raquo;<span class=\"screen-reader-text\">Assistenza tecnica<\/span><\/a><\/p>\n","protected":false},"author":1,"featured_media":1417,"parent":0,"menu_order":0,"comment_status":"closed","ping_status":"closed","template":"page-templates\/template-pagebuilder-full-width.php","meta":{"reading_time":0,"inline_featured_image":false,"neve_meta_sidebar":"","neve_meta_container":"","neve_meta_enable_content_width":"off","neve_meta_content_width":100,"neve_meta_title_alignment":"","neve_meta_author_avatar":"","neve_post_elements_order":"","neve_meta_disable_header":"","neve_meta_disable_footer":"","neve_meta_disable_title":"","footnotes":""},"class_list":["post-1441","page","type-page","status-publish","has-post-thumbnail","hentry"],"yoast_head":"<!-- This site is optimized with the Yoast SEO plugin v27.1.1 - https:\/\/yoast.com\/product\/yoast-seo-wordpress\/ -->\n<title>Assistenza Tecnica Top Consult<\/title>\n<meta name=\"description\" content=\"L&#039;assistenza tecnica mette a disposizione un tecnico esperto per diagnosticare, organizzare, gestire e svolgere interventi mirati.\" \/>\n<meta name=\"robots\" content=\"index, follow, max-snippet:-1, max-image-preview:large, max-video-preview:-1\" \/>\n<link rel=\"canonical\" href=\"https:\/\/www.topconsult.it\/it\/assistenza-tecnica\" \/>\n<meta property=\"og:locale\" content=\"it_IT\" \/>\n<meta property=\"og:type\" content=\"article\" \/>\n<meta property=\"og:title\" content=\"90\" \/>\n<meta property=\"og:description\" content=\"L&#039;assistenza tecnica mette a disposizione un tecnico esperto per diagnosticare, organizzare, gestire e svolgere interventi mirati.\" \/>\n<meta property=\"og:url\" content=\"https:\/\/www.topconsult.it\/it\/assistenza-tecnica\" \/>\n<meta property=\"og:site_name\" content=\"Top Consult\" \/>\n<meta property=\"article:modified_time\" content=\"2026-03-16T15:22:17+00:00\" \/>\n<meta name=\"twitter:card\" content=\"summary_large_image\" \/>\n<meta name=\"twitter:image\" content=\"https:\/\/www.topconsult.it\/wp-content\/uploads\/2022\/11\/icon-support.png\" \/>\n<meta name=\"twitter:label1\" content=\"Tempo di lettura stimato\" \/>\n\t<meta name=\"twitter:data1\" content=\"3 minuti\" \/>\n<!-- \/ Yoast SEO plugin. -->","yoast_head_json":{"title":"Assistenza Tecnica Top Consult","description":"L'assistenza tecnica mette a disposizione un tecnico esperto per diagnosticare, organizzare, gestire e svolgere interventi mirati.","robots":{"index":"index","follow":"follow","max-snippet":"max-snippet:-1","max-image-preview":"max-image-preview:large","max-video-preview":"max-video-preview:-1"},"canonical":"https:\/\/www.topconsult.it\/it\/assistenza-tecnica","og_locale":"it_IT","og_type":"article","og_title":"90","og_description":"L'assistenza tecnica mette a disposizione un tecnico esperto per diagnosticare, organizzare, gestire e svolgere interventi mirati.","og_url":"https:\/\/www.topconsult.it\/it\/assistenza-tecnica","og_site_name":"Top Consult","article_modified_time":"2026-03-16T15:22:17+00:00","twitter_card":"summary_large_image","twitter_image":"https:\/\/www.topconsult.it\/wp-content\/uploads\/2022\/11\/icon-support.png","twitter_misc":{"Tempo di lettura stimato":"3 minuti"},"schema":{"@context":"https:\/\/schema.org","@graph":[{"@type":"WebPage","@id":"https:\/\/www.topconsult.it\/it\/assistenza-tecnica","url":"https:\/\/www.topconsult.it\/it\/assistenza-tecnica","name":"Assistenza Tecnica Top Consult","isPartOf":{"@id":"https:\/\/www.topconsult.it\/it\/#website"},"primaryImageOfPage":{"@id":"https:\/\/www.topconsult.it\/it\/assistenza-tecnica#primaryimage"},"image":{"@id":"https:\/\/www.topconsult.it\/it\/assistenza-tecnica#primaryimage"},"thumbnailUrl":"https:\/\/www.topconsult.it\/wp-content\/uploads\/2022\/11\/icon-support.png","datePublished":"2020-05-26T12:20:46+00:00","dateModified":"2026-03-16T15:22:17+00:00","description":"L'assistenza tecnica mette a disposizione un tecnico esperto per diagnosticare, organizzare, gestire e svolgere interventi mirati.","breadcrumb":{"@id":"https:\/\/www.topconsult.it\/it\/assistenza-tecnica#breadcrumb"},"inLanguage":"it-IT","potentialAction":[{"@type":"ReadAction","target":["https:\/\/www.topconsult.it\/it\/assistenza-tecnica"]}]},{"@type":"ImageObject","inLanguage":"it-IT","@id":"https:\/\/www.topconsult.it\/it\/assistenza-tecnica#primaryimage","url":"https:\/\/www.topconsult.it\/wp-content\/uploads\/2022\/11\/icon-support.png","contentUrl":"https:\/\/www.topconsult.it\/wp-content\/uploads\/2022\/11\/icon-support.png","width":400,"height":400,"caption":"Assistenza tecnica Top Consult"},{"@type":"BreadcrumbList","@id":"https:\/\/www.topconsult.it\/it\/assistenza-tecnica#breadcrumb","itemListElement":[{"@type":"ListItem","position":1,"name":"Home","item":"https:\/\/www.topconsult.it\/it"},{"@type":"ListItem","position":2,"name":"Assistenza tecnica"}]},{"@type":"WebSite","@id":"https:\/\/www.topconsult.it\/it\/#website","url":"https:\/\/www.topconsult.it\/it\/","name":"Top Consult","description":"Avanti Veloce","potentialAction":[{"@type":"SearchAction","target":{"@type":"EntryPoint","urlTemplate":"https:\/\/www.topconsult.it\/it\/?s={search_term_string}"},"query-input":{"@type":"PropertyValueSpecification","valueRequired":true,"valueName":"search_term_string"}}],"inLanguage":"it-IT"}]}},"_links":{"self":[{"href":"https:\/\/www.topconsult.it\/it\/wp-json\/wp\/v2\/pages\/1441","targetHints":{"allow":["GET"]}}],"collection":[{"href":"https:\/\/www.topconsult.it\/it\/wp-json\/wp\/v2\/pages"}],"about":[{"href":"https:\/\/www.topconsult.it\/it\/wp-json\/wp\/v2\/types\/page"}],"author":[{"embeddable":true,"href":"https:\/\/www.topconsult.it\/it\/wp-json\/wp\/v2\/users\/1"}],"replies":[{"embeddable":true,"href":"https:\/\/www.topconsult.it\/it\/wp-json\/wp\/v2\/comments?post=1441"}],"version-history":[{"count":101,"href":"https:\/\/www.topconsult.it\/it\/wp-json\/wp\/v2\/pages\/1441\/revisions"}],"predecessor-version":[{"id":29304,"href":"https:\/\/www.topconsult.it\/it\/wp-json\/wp\/v2\/pages\/1441\/revisions\/29304"}],"wp:featuredmedia":[{"embeddable":true,"href":"https:\/\/www.topconsult.it\/it\/wp-json\/wp\/v2\/media\/1417"}],"wp:attachment":[{"href":"https:\/\/www.topconsult.it\/it\/wp-json\/wp\/v2\/media?parent=1441"}],"curies":[{"name":"wp","href":"https:\/\/api.w.org\/{rel}","templated":true}]}}