{"id":29625,"date":"2026-03-27T12:55:45","date_gmt":"2026-03-27T11:55:45","guid":{"rendered":"https:\/\/www.topconsult.it\/?page_id=29625"},"modified":"2026-03-27T13:00:05","modified_gmt":"2026-03-27T12:00:05","slug":"dichiarazione-di-accessibilita","status":"publish","type":"page","link":"https:\/\/www.topconsult.it\/it\/dichiarazione-di-accessibilita","title":{"rendered":"Dichiarazione di Accessibilit\u00e0"},"content":{"rendered":"\t\t<div data-elementor-type=\"wp-page\" data-elementor-id=\"29625\" class=\"elementor elementor-29625\" data-elementor-post-type=\"page\">\n\t\t\t\t<div class=\"elementor-element elementor-element-d3580f1 testata-bassa e-flex e-con-boxed e-con e-parent\" data-id=\"d3580f1\" data-element_type=\"container\" data-e-type=\"container\" data-settings=\"{&quot;background_background&quot;:&quot;classic&quot;,&quot;shape_divider_bottom&quot;:&quot;waves&quot;}\">\n\t\t\t\t\t<div class=\"e-con-inner\">\n\t\t\t\t<div class=\"elementor-shape elementor-shape-bottom\" aria-hidden=\"true\" data-negative=\"false\">\n\t\t\t<svg xmlns=\"http:\/\/www.w3.org\/2000\/svg\" viewBox=\"0 0 1000 100\" preserveAspectRatio=\"none\">\n\t<path class=\"elementor-shape-fill\" d=\"M421.9,6.5c22.6-2.5,51.5,0.4,75.5,5.3c23.6,4.9,70.9,23.5,100.5,35.7c75.8,32.2,133.7,44.5,192.6,49.7\n\tc23.6,2.1,48.7,3.5,103.4-2.5c54.7-6,106.2-25.6,106.2-25.6V0H0v30.3c0,0,72,32.6,158.4,30.5c39.2-0.7,92.8-6.7,134-22.4\n\tc21.2-8.1,52.2-18.2,79.7-24.2C399.3,7.9,411.6,7.5,421.9,6.5z\"\/>\n<\/svg>\t\t<\/div>\n\t\t<div class=\"elementor-element elementor-element-4b3fd8d e-con-full e-flex e-con e-child\" data-id=\"4b3fd8d\" data-element_type=\"container\" data-e-type=\"container\">\n\t\t\t\t<div class=\"elementor-element elementor-element-36d5df5 elementor-widget-tablet__width-initial elementor-widget elementor-widget-heading\" data-id=\"36d5df5\" data-element_type=\"widget\" data-e-type=\"widget\" data-widget_type=\"heading.default\">\n\t\t\t\t<div class=\"elementor-widget-container\">\n\t\t\t\t\t<h1 class=\"elementor-heading-title elementor-size-default\">Dichiarazione di Accessibilit\u00e0<\/h1>\t\t\t\t<\/div>\n\t\t\t\t<\/div>\n\t\t\t\t<\/div>\n\t\t\t\t\t<\/div>\n\t\t\t\t<\/div>\n\t\t<div class=\"elementor-element elementor-element-24e5a19 e-flex e-con-boxed e-con e-parent\" data-id=\"24e5a19\" data-element_type=\"container\" data-e-type=\"container\">\n\t\t\t\t\t<div class=\"e-con-inner\">\n\t\t\t\t<div class=\"elementor-element elementor-element-31b075c elementor-widget elementor-widget-text-editor\" data-id=\"31b075c\" data-element_type=\"widget\" data-e-type=\"widget\" data-widget_type=\"text-editor.default\">\n\t\t\t\t<div class=\"elementor-widget-container\">\n\t\t\t\t\t\t\t\t\t<h2>Impegno<\/h2><p>Il sito topconsult.it si impegna a garantire l\u2019accessibilit\u00e0 digitale nel rispetto della Direttiva (UE) 2019\/882 (European Accessibility Act) e degli standard tecnici WCAG 2.1 livello AA e EN 301 549.<\/p><h3>Stato di conformit\u00e0<\/h3><p>Questo sito \u00e8 parzialmente conforme ai requisiti di accessibilit\u00e0 previsti dalle WCAG 2.1 livello AA, a causa delle non conformit\u00e0 e\/o delle deroghe elencate di seguito.<\/p><h3>Contenuti non accessibili<\/h3><p>Nonostante l\u2019impegno continuo nel miglioramento dell\u2019accessibilit\u00e0, potrebbero essere presenti:<\/p><ul><li>alcune immagini prive di testo alternativo completo<\/li><li>componenti interattivi non pienamente ottimizzati per la navigazione da tastiera<\/li><li>elementi con contrasto colore non ottimale in specifiche sezioni<\/li><li>contenuti di terze parti non completamente accessibili<\/li><li>eventuali documenti PDF non pienamente accessibili<\/li><\/ul><p>Il sito \u00e8 oggetto di monitoraggio e aggiornamento continuo.<\/p><h3>Metodologia di valutazione<\/h3><p>La valutazione dell\u2019accessibilit\u00e0 \u00e8 stata effettuata mediante:<\/p><ul><li><span>analisi tecnica manuale<\/span><\/li><li><span>strumenti automatici di verifica (es. Lighthouse)<\/span><\/li><li><span>test di navigazione da tastiera<\/span><\/li><li><span>verifica semantica del codice<\/span><\/li><\/ul><h3>Feedback e contatti<\/h3><p>Gli utenti possono segnalare eventuali problemi di accessibilit\u00e0 scrivendo a:<\/p><p><a href=\"mailto:accessibilita@topconsult.it\">accessibilita@topconsult.it<\/a><\/p><p>Si prega di indicare:<\/p><ul><li><span>la pagina interessata<\/span><\/li><li><span>il tipo di difficolt\u00e0 riscontrata<\/span><\/li><li><span>il dispositivo utilizzato<\/span><\/li><li><span>eventuale screenshot<\/span><\/li><\/ul><h3>Procedura di reclamo<\/h3><p>In caso di risposta insoddisfacente o mancata risposta entro 30 giorni, \u00e8 possibile inoltrare segnalazione all\u2019autorit\u00e0 competente.<\/p><p><em>Ultimo aggiornamento: 27 marzo 2026<\/em><\/p>\t\t\t\t\t\t\t\t<\/div>\n\t\t\t\t<\/div>\n\t\t\t\t\t<\/div>\n\t\t\t\t<\/div>\n\t\t\t\t<\/div>\n\t\t","protected":false},"excerpt":{"rendered":"<p>Dichiarazione di Accessibilit\u00e0 Impegno Il sito topconsult.it si impegna a garantire l\u2019accessibilit\u00e0 digitale nel rispetto della Direttiva (UE) 2019\/882 (European Accessibility Act) e degli standard tecnici WCAG 2.1 livello AA e EN 301 549. Stato di conformit\u00e0 Questo sito \u00e8 parzialmente conforme ai requisiti di accessibilit\u00e0 previsti dalle WCAG 2.1 livello AA, a causa delle&hellip;&nbsp;<a href=\"https:\/\/www.topconsult.it\/it\/dichiarazione-di-accessibilita\" rel=\"bookmark\">Leggi tutto &raquo;<span class=\"screen-reader-text\">Dichiarazione di Accessibilit\u00e0<\/span><\/a><\/p>\n","protected":false},"author":1,"featured_media":0,"parent":0,"menu_order":0,"comment_status":"closed","ping_status":"closed","template":"page-templates\/template-pagebuilder-full-width.php","meta":{"reading_time":0,"inline_featured_image":false,"neve_meta_sidebar":"","neve_meta_container":"","neve_meta_enable_content_width":"off","neve_meta_content_width":100,"neve_meta_title_alignment":"","neve_meta_author_avatar":"","neve_post_elements_order":"","neve_meta_disable_header":"","neve_meta_disable_footer":"","neve_meta_disable_title":"","footnotes":""},"class_list":["post-29625","page","type-page","status-publish","hentry"],"yoast_head":"<!-- This site is optimized with the Yoast SEO plugin v27.1.1 - https:\/\/yoast.com\/product\/yoast-seo-wordpress\/ -->\n<title>Dichiarazione di Accessibilit\u00e0<\/title>\n<meta name=\"description\" content=\"Dichiarazione di Accessibilit\u00e0 del sito topconsult.it\" \/>\n<meta name=\"robots\" content=\"noindex, nofollow\" \/>\n<meta property=\"og:locale\" content=\"it_IT\" \/>\n<meta property=\"og:type\" content=\"article\" \/>\n<meta property=\"og:title\" content=\"Dichiarazione di Accessibilit\u00e0\" \/>\n<meta property=\"og:description\" content=\"Dichiarazione di Accessibilit\u00e0 del sito topconsult.it\" \/>\n<meta property=\"og:url\" content=\"https:\/\/www.topconsult.it\/it\/dichiarazione-di-accessibilita\" \/>\n<meta property=\"og:site_name\" content=\"Top Consult\" \/>\n<meta property=\"article:modified_time\" content=\"2026-03-27T12:00:05+00:00\" \/>\n<meta name=\"twitter:card\" content=\"summary_large_image\" \/>\n<meta name=\"twitter:label1\" content=\"Tempo di lettura stimato\" \/>\n\t<meta name=\"twitter:data1\" content=\"2 minuti\" \/>\n<!-- \/ Yoast SEO plugin. -->","yoast_head_json":{"title":"Dichiarazione di Accessibilit\u00e0","description":"Dichiarazione di Accessibilit\u00e0 del sito topconsult.it","robots":{"index":"noindex","follow":"nofollow"},"og_locale":"it_IT","og_type":"article","og_title":"Dichiarazione di Accessibilit\u00e0","og_description":"Dichiarazione di Accessibilit\u00e0 del sito topconsult.it","og_url":"https:\/\/www.topconsult.it\/it\/dichiarazione-di-accessibilita","og_site_name":"Top Consult","article_modified_time":"2026-03-27T12:00:05+00:00","twitter_card":"summary_large_image","twitter_misc":{"Tempo di lettura stimato":"2 minuti"},"schema":{"@context":"https:\/\/schema.org","@graph":[{"@type":"WebPage","@id":"https:\/\/www.topconsult.it\/it\/dichiarazione-di-accessibilita","url":"https:\/\/www.topconsult.it\/it\/dichiarazione-di-accessibilita","name":"Dichiarazione di Accessibilit\u00e0","isPartOf":{"@id":"https:\/\/www.topconsult.it\/it\/#website"},"datePublished":"2026-03-27T11:55:45+00:00","dateModified":"2026-03-27T12:00:05+00:00","description":"Dichiarazione di Accessibilit\u00e0 del sito topconsult.it","breadcrumb":{"@id":"https:\/\/www.topconsult.it\/it\/dichiarazione-di-accessibilita#breadcrumb"},"inLanguage":"it-IT","potentialAction":[{"@type":"ReadAction","target":["https:\/\/www.topconsult.it\/it\/dichiarazione-di-accessibilita"]}]},{"@type":"BreadcrumbList","@id":"https:\/\/www.topconsult.it\/it\/dichiarazione-di-accessibilita#breadcrumb","itemListElement":[{"@type":"ListItem","position":1,"name":"Home","item":"https:\/\/www.topconsult.it\/it"},{"@type":"ListItem","position":2,"name":"Dichiarazione di Accessibilit\u00e0"}]},{"@type":"WebSite","@id":"https:\/\/www.topconsult.it\/it\/#website","url":"https:\/\/www.topconsult.it\/it\/","name":"Top Consult","description":"Avanti Veloce","potentialAction":[{"@type":"SearchAction","target":{"@type":"EntryPoint","urlTemplate":"https:\/\/www.topconsult.it\/it\/?s={search_term_string}"},"query-input":{"@type":"PropertyValueSpecification","valueRequired":true,"valueName":"search_term_string"}}],"inLanguage":"it-IT"}]}},"_links":{"self":[{"href":"https:\/\/www.topconsult.it\/it\/wp-json\/wp\/v2\/pages\/29625","targetHints":{"allow":["GET"]}}],"collection":[{"href":"https:\/\/www.topconsult.it\/it\/wp-json\/wp\/v2\/pages"}],"about":[{"href":"https:\/\/www.topconsult.it\/it\/wp-json\/wp\/v2\/types\/page"}],"author":[{"embeddable":true,"href":"https:\/\/www.topconsult.it\/it\/wp-json\/wp\/v2\/users\/1"}],"replies":[{"embeddable":true,"href":"https:\/\/www.topconsult.it\/it\/wp-json\/wp\/v2\/comments?post=29625"}],"version-history":[{"count":4,"href":"https:\/\/www.topconsult.it\/it\/wp-json\/wp\/v2\/pages\/29625\/revisions"}],"predecessor-version":[{"id":29630,"href":"https:\/\/www.topconsult.it\/it\/wp-json\/wp\/v2\/pages\/29625\/revisions\/29630"}],"wp:attachment":[{"href":"https:\/\/www.topconsult.it\/it\/wp-json\/wp\/v2\/media?parent=29625"}],"curies":[{"name":"wp","href":"https:\/\/api.w.org\/{rel}","templated":true}]}}